{"id":3445,"date":"2020-12-14T22:18:27","date_gmt":"2020-12-15T01:18:27","guid":{"rendered":"http:\/\/oximaxgases.com.br\/site\/?page_id=3445"},"modified":"2021-05-14T20:42:09","modified_gmt":"2021-05-14T23:42:09","slug":"empresa","status":"publish","type":"page","link":"http:\/\/oximaxgases.com.br\/site\/empresa\/","title":{"rendered":"Empresa"},"content":{"rendered":"<div class=\"flex_column av_one_full  flex_column_div av-zero-column-padding first  avia-builder-el-0  el_before_av_one_full  avia-builder-el-first  \" style='border-radius:0px; '><div  style='padding-bottom:10px; ' class='av-special-heading av-special-heading-h3 meta-heading   avia-builder-el-1  avia-builder-el-no-sibling  '><h3 class='av-special-heading-tag '  itemprop=\"headline\"  >Empresa<\/h3><div class='special-heading-border'><div class='special-heading-inner-border' ><\/div><\/div><\/div><\/div>\n<div class=\"flex_column av_one_full  flex_column_div av-zero-column-padding first  avia-builder-el-2  el_after_av_one_full  avia-builder-el-last  column-top-margin\" style='border-radius:0px; '><section class=\"av_textblock_section \"  itemscope=\"itemscope\" itemtype=\"https:\/\/schema.org\/CreativeWork\" ><div class='avia_textblock  '   itemprop=\"text\" ><p>A OXIMAX \u2013 Ferreira Gases Industriais Com\u00e9rcio e Transporte Ltda, iniciou suas atividades em 1.999, com o objetivo de fornecer gases industriais, medicinais e toda a linha de produtos para solda e corte, nas regi\u00f5es meio-oeste e planalto serrano de Santa Catarina, buscando se tornar refer\u00eancia no mercado atrav\u00e9s da transpar\u00eancia e efici\u00eancia no fornecimento de gases e equipamentos.<\/p>\n<p>Trabalhamos com venda de gases medicinais e industriais, materiais para solda e corte, venda e loca\u00e7\u00e3o de cilindros de gases industriais, medicinais e especiais. Atendemos diversos segmentos, metal-mec\u00e2nico, automobil\u00edstico, cervejeiro, aliment\u00edcio, como hospitalar, laboratorial, home care, cl\u00ednicas est\u00e9ticas, universidades e cl\u00ednicas m\u00e9dicas e odontol\u00f3gicas.<\/p>\n<p>Buscando novos horizontes, fundamos em 2016 a AIRMIX Gases, primeira planta de acetileno de Santa Catarina, \u00fanica 100% nacional em todo o sul do pa\u00eds atendendo Santa Catarina, Paran\u00e1 e Rio Grande do Sul.<\/p>\n<p>Em 2021 expandimos as atividades nos processos de envase de gases, fundando a PRIME Gases, localizada em Curitiba\/PR, disponibilizamos o envasamento criog\u00eanico de CO2 (Di\u00f3xido de Carbono) atendendo empresas de pequeno e grande porte nos estados do Paran\u00e1 e Santa Catarina.<\/p>\n<p>Com foco na qualidade e competitividade oferecemos ao mercado solu\u00e7\u00f5es no fornecimento de gases e equipamentos, buscando suprir as necessidades dos nossos clientes com comprometimento e solidez.<\/p>\n<\/div><\/section><\/div>\n","protected":false},"excerpt":{"rendered":"","protected":false},"author":1,"featured_media":0,"parent":0,"menu_order":0,"comment_status":"closed","ping_status":"closed","template":"","meta":[],"_links":{"self":[{"href":"http:\/\/oximaxgases.com.br\/site\/wp-json\/wp\/v2\/pages\/3445"}],"collection":[{"href":"http:\/\/oximaxgases.com.br\/site\/wp-json\/wp\/v2\/pages"}],"about":[{"href":"http:\/\/oximaxgases.com.br\/site\/wp-json\/wp\/v2\/types\/page"}],"author":[{"embeddable":true,"href":"http:\/\/oximaxgases.com.br\/site\/wp-json\/wp\/v2\/users\/1"}],"replies":[{"embeddable":true,"href":"http:\/\/oximaxgases.com.br\/site\/wp-json\/wp\/v2\/comments?post=3445"}],"version-history":[{"count":14,"href":"http:\/\/oximaxgases.com.br\/site\/wp-json\/wp\/v2\/pages\/3445\/revisions"}],"predecessor-version":[{"id":3518,"href":"http:\/\/oximaxgases.com.br\/site\/wp-json\/wp\/v2\/pages\/3445\/revisions\/3518"}],"wp:attachment":[{"href":"http:\/\/oximaxgases.com.br\/site\/wp-json\/wp\/v2\/media?parent=3445"}],"curies":[{"name":"wp","href":"https:\/\/api.w.org\/{rel}","templated":true}]}}