{"id":1195,"date":"2013-04-05T16:38:18","date_gmt":"2013-04-05T19:38:18","guid":{"rendered":"http:\/\/www.kriesi.at\/themes\/enfold\/?page_id=1195"},"modified":"2021-05-15T15:51:37","modified_gmt":"2021-05-15T18:51:37","slug":"gases","status":"publish","type":"page","link":"http:\/\/oximaxgases.com.br\/site\/pages\/gases\/","title":{"rendered":"Gases"},"content":{"rendered":"<div class=\"flex_column av_two_fifth  flex_column_div first  avia-builder-el-0  el_before_av_three_fifth  avia-builder-el-first  \" ><div  class='avia-image-container  av-styling-    avia-builder-el-1  avia-builder-el-no-sibling  avia-align-center '  itemprop=\"image\" itemscope=\"itemscope\" itemtype=\"https:\/\/schema.org\/ImageObject\"  ><div class='avia-image-container-inner'><div class='avia-image-overlay-wrap'><img class='wp-image-3530 avia-img-lazy-loading-not-3530 avia_image' src=\"http:\/\/oximaxgases.com.br\/site\/wp-content\/uploads\/2021\/05\/linha-industrial-aco-1.png\" alt='' title='linha-industrial-aco (1)' height=\"449\" width=\"250\"  itemprop=\"thumbnailUrl\" srcset=\"http:\/\/oximaxgases.com.br\/site\/wp-content\/uploads\/2021\/05\/linha-industrial-aco-1.png 250w, http:\/\/oximaxgases.com.br\/site\/wp-content\/uploads\/2021\/05\/linha-industrial-aco-1-167x300.png 167w\" sizes=\"(max-width: 250px) 100vw, 250px\" \/><\/div><\/div><\/div><\/div><div class=\"flex_column av_three_fifth  flex_column_div   avia-builder-el-2  el_after_av_two_fifth  el_before_av_hr  \" ><p><div  style='padding-bottom:10px; ' class='av-special-heading av-special-heading-h3 meta-heading   avia-builder-el-3  el_before_av_textblock  avia-builder-el-first  '><h3 class='av-special-heading-tag '  itemprop=\"headline\"  >Gases Industriais e Especiais<\/h3><div class='special-heading-border'><div class='special-heading-inner-border' ><\/div><\/div><\/div><br \/>\n<section class=\"av_textblock_section \"  itemscope=\"itemscope\" itemtype=\"https:\/\/schema.org\/CreativeWork\" ><div class='avia_textblock  '   itemprop=\"text\" ><ul>\n<li style=\"text-align: left;\">Acetileno &#8211; C2H2<\/li>\n<li style=\"text-align: left;\">Arg\u00f4nio &#8211; Ar<\/li>\n<li style=\"text-align: left;\">Di\u00f3xido de Carbono &#8211; CO2<\/li>\n<li style=\"text-align: left;\">H\u00e9lio &#8211; He<\/li>\n<li style=\"text-align: left;\">Mistura MIG<\/li>\n<li style=\"text-align: left;\">Misturas Especiais<\/li>\n<li style=\"text-align: left;\">Nitrog\u00eanio &#8211; N2<\/li>\n<li style=\"text-align: left;\">Oxig\u00eanio Industrial &#8211; O2<\/li>\n<li>Gases Especiais<\/li>\n<\/ul>\n<p style=\"text-align: left;\">Utilizados nos mais diversos segmentos como energia, farmac\u00eautica, hospitalar, automotiva, metal mec\u00e2nica, celulose, qu\u00edmica, sider\u00fargica e metal\u00fargica, t\u00eaxtil.<\/p>\n<p style=\"text-align: left;\">Disponibilizamos uma linha completa de gases\u00a0 industriais e especiais para aplica\u00e7\u00e3o nos mais diversos segmentos, atendendo demandas espec\u00edficas de cada cliente.<\/p>\n<h4><\/h4>\n<\/div><\/section><\/p><\/div><div   class='hr hr-default   avia-builder-el-5  el_after_av_three_fifth  el_before_av_two_fifth '><span class='hr-inner ' ><span class='hr-inner-style'><\/span><\/span><\/div><\/p>\n<div class=\"flex_column av_two_fifth  flex_column_div av-zero-column-padding first  avia-builder-el-6  el_after_av_hr  el_before_av_three_fifth  \" style='border-radius:0px; '><div  class='avia-image-container  av-styling-    avia-builder-el-7  avia-builder-el-no-sibling  avia-align-center '  itemprop=\"image\" itemscope=\"itemscope\" itemtype=\"https:\/\/schema.org\/ImageObject\"  ><div class='avia-image-container-inner'><div class='avia-image-overlay-wrap'><img class='wp-image-3538 avia-img-lazy-loading-not-3538 avia_image' src=\"http:\/\/oximaxgases.com.br\/site\/wp-content\/uploads\/2021\/05\/linha-medicinal-aco-1.png\" alt='' title='linha-medicinal-aco (1)' height=\"453\" width=\"244\"  itemprop=\"thumbnailUrl\" srcset=\"http:\/\/oximaxgases.com.br\/site\/wp-content\/uploads\/2021\/05\/linha-medicinal-aco-1.png 244w, http:\/\/oximaxgases.com.br\/site\/wp-content\/uploads\/2021\/05\/linha-medicinal-aco-1-162x300.png 162w\" sizes=\"(max-width: 244px) 100vw, 244px\" \/><\/div><\/div><\/div><\/div><div class=\"flex_column av_three_fifth  flex_column_div av-zero-column-padding   avia-builder-el-8  el_after_av_two_fifth  avia-builder-el-last  \" style='border-radius:0px; '><p><div  style='padding-bottom:10px; ' class='av-special-heading av-special-heading-h3 meta-heading   avia-builder-el-9  el_before_av_textblock  avia-builder-el-first  '><h3 class='av-special-heading-tag '  itemprop=\"headline\"  >Gases Medicinais<\/h3><div class='special-heading-border'><div class='special-heading-inner-border' ><\/div><\/div><\/div><br \/>\n<section class=\"av_textblock_section \"  itemscope=\"itemscope\" itemtype=\"https:\/\/schema.org\/CreativeWork\" ><div class='avia_textblock  '   itemprop=\"text\" ><ul>\n<li>Ar Comprimido<\/li>\n<li>Di\u00f3xido de Carbono Medicinal<\/li>\n<li>\u00d3xido Nitroso<\/li>\n<li style=\"text-align: left;\">Oxig\u00eanio Medicinal<\/li>\n<\/ul>\n<p style=\"text-align: left;\">Utilizados nos segmentos, farmac\u00eautica, hospitalar, domiciliar (home care) qu\u00edmica, cl\u00ednicas, est\u00e9ticas e universidades.<\/p>\n<p style=\"text-align: left;\">Disponibilizamos uma linha completa de equipamentos para oxigenioterapia.<\/p>\n<h4><\/h4>\n<\/div><\/section><\/p><\/div><\/p>\n","protected":false},"excerpt":{"rendered":"","protected":false},"author":1,"featured_media":0,"parent":1122,"menu_order":0,"comment_status":"open","ping_status":"closed","template":"","meta":[],"_links":{"self":[{"href":"http:\/\/oximaxgases.com.br\/site\/wp-json\/wp\/v2\/pages\/1195"}],"collection":[{"href":"http:\/\/oximaxgases.com.br\/site\/wp-json\/wp\/v2\/pages"}],"about":[{"href":"http:\/\/oximaxgases.com.br\/site\/wp-json\/wp\/v2\/types\/page"}],"author":[{"embeddable":true,"href":"http:\/\/oximaxgases.com.br\/site\/wp-json\/wp\/v2\/users\/1"}],"replies":[{"embeddable":true,"href":"http:\/\/oximaxgases.com.br\/site\/wp-json\/wp\/v2\/comments?post=1195"}],"version-history":[{"count":39,"href":"http:\/\/oximaxgases.com.br\/site\/wp-json\/wp\/v2\/pages\/1195\/revisions"}],"predecessor-version":[{"id":3546,"href":"http:\/\/oximaxgases.com.br\/site\/wp-json\/wp\/v2\/pages\/1195\/revisions\/3546"}],"up":[{"embeddable":true,"href":"http:\/\/oximaxgases.com.br\/site\/wp-json\/wp\/v2\/pages\/1122"}],"wp:attachment":[{"href":"http:\/\/oximaxgases.com.br\/site\/wp-json\/wp\/v2\/media?parent=1195"}],"curies":[{"name":"wp","href":"https:\/\/api.w.org\/{rel}","templated":true}]}}